{"id":9099,"date":"2021-09-21T16:58:09","date_gmt":"2021-09-21T19:58:09","guid":{"rendered":"https:\/\/mestredointercambio.com\/?page_id=9099"},"modified":"2021-09-21T17:59:35","modified_gmt":"2021-09-21T20:59:35","slug":"podcast","status":"publish","type":"page","link":"https:\/\/mestredointercambio.com\/index.php\/podcast\/","title":{"rendered":"Podcast"},"content":{"rendered":"\t\t<div data-elementor-type=\"wp-page\" data-elementor-id=\"9099\" class=\"elementor elementor-9099\" data-elementor-settings=\"[]\">\n\t\t\t\t\t\t\t<div class=\"elementor-section-wrap\">\n\t\t\t\t\t\t\t<section class=\"elementor-section elementor-top-section elementor-element elementor-element-8c9ba0e elementor-section-boxed elementor-section-height-default elementor-section-height-default\" data-id=\"8c9ba0e\" data-element_type=\"section\">\n\t\t\t\t\t\t<div class=\"elementor-container elementor-column-gap-default\">\n\t\t\t\t\t<div class=\"elementor-column elementor-col-50 elementor-top-column elementor-element elementor-element-1cef4a9\" data-id=\"1cef4a9\" data-element_type=\"column\">\n\t\t\t<div class=\"elementor-widget-wrap elementor-element-populated\">\n\t\t\t\t\t\t\t\t<div class=\"elementor-element elementor-element-565c559 elementor-widget elementor-widget-image\" data-id=\"565c559\" data-element_type=\"widget\" data-widget_type=\"image.default\">\n\t\t\t\t<div class=\"elementor-widget-container\">\n\t\t\t\t\t\t\t\t\t\t\t\t\t\t\t<img loading=\"lazy\" decoding=\"async\" width=\"1024\" height=\"325\" src=\"https:\/\/mestredointercambio.com\/wp-content\/uploads\/2021\/09\/IntercambioSemPauta_MainLogo-01-1024x325.png\" class=\"attachment-large size-large\" alt=\"\" srcset=\"https:\/\/mestredointercambio.com\/wp-content\/uploads\/2021\/09\/IntercambioSemPauta_MainLogo-01-1024x325.png 1024w, https:\/\/mestredointercambio.com\/wp-content\/uploads\/2021\/09\/IntercambioSemPauta_MainLogo-01-300x95.png 300w, https:\/\/mestredointercambio.com\/wp-content\/uploads\/2021\/09\/IntercambioSemPauta_MainLogo-01-768x243.png 768w, https:\/\/mestredointercambio.com\/wp-content\/uploads\/2021\/09\/IntercambioSemPauta_MainLogo-01-1536x487.png 1536w, https:\/\/mestredointercambio.com\/wp-content\/uploads\/2021\/09\/IntercambioSemPauta_MainLogo-01-2048x649.png 2048w, https:\/\/mestredointercambio.com\/wp-content\/uploads\/2021\/09\/IntercambioSemPauta_MainLogo-01-600x190.png 600w\" sizes=\"auto, (max-width: 1024px) 100vw, 1024px\" \/>\t\t\t\t\t\t\t\t\t\t\t\t\t\t\t<\/div>\n\t\t\t\t<\/div>\n\t\t\t\t<div class=\"elementor-element elementor-element-b07d516 elementor-widget elementor-widget-text-editor\" data-id=\"b07d516\" data-element_type=\"widget\" data-widget_type=\"text-editor.default\">\n\t\t\t\t<div class=\"elementor-widget-container\">\n\t\t\t\t\t\t\t<p><span style=\"color: #5f6369; font-family: Maax, sans-serif; font-size: 16px;\">Na s\u00e9rie de podcast Interc\u00e2mbio Sem Pauta,\u00a0 vamos falar de tudo um pouco, desde prepara\u00e7\u00e3o para um interc\u00e2mbio para os mais diversos destinos, custos de vida no exterior, e at\u00e9 viagens pelo mundo.<\/span><\/p>\t\t\t\t\t\t<\/div>\n\t\t\t\t<\/div>\n\t\t\t\t\t<\/div>\n\t\t<\/div>\n\t\t\t\t<div class=\"elementor-column elementor-col-50 elementor-top-column elementor-element elementor-element-83d7022\" data-id=\"83d7022\" data-element_type=\"column\">\n\t\t\t<div class=\"elementor-widget-wrap elementor-element-populated\">\n\t\t\t\t\t\t\t\t<div class=\"elementor-element elementor-element-a3ea9df elementor-widget elementor-widget-image\" data-id=\"a3ea9df\" data-element_type=\"widget\" data-widget_type=\"image.default\">\n\t\t\t\t<div class=\"elementor-widget-container\">\n\t\t\t\t\t\t\t\t\t\t\t\t\t\t\t<img loading=\"lazy\" decoding=\"async\" width=\"768\" height=\"563\" src=\"https:\/\/mestredointercambio.com\/wp-content\/uploads\/2021\/09\/FREE-Phone-XI-768x563.png\" class=\"attachment-medium_large size-medium_large\" alt=\"\" srcset=\"https:\/\/mestredointercambio.com\/wp-content\/uploads\/2021\/09\/FREE-Phone-XI-768x563.png 768w, https:\/\/mestredointercambio.com\/wp-content\/uploads\/2021\/09\/FREE-Phone-XI-300x220.png 300w, https:\/\/mestredointercambio.com\/wp-content\/uploads\/2021\/09\/FREE-Phone-XI-1024x751.png 1024w, https:\/\/mestredointercambio.com\/wp-content\/uploads\/2021\/09\/FREE-Phone-XI-1536x1126.png 1536w, https:\/\/mestredointercambio.com\/wp-content\/uploads\/2021\/09\/FREE-Phone-XI-2048x1502.png 2048w, https:\/\/mestredointercambio.com\/wp-content\/uploads\/2021\/09\/FREE-Phone-XI-600x440.png 600w\" sizes=\"auto, (max-width: 768px) 100vw, 768px\" \/>\t\t\t\t\t\t\t\t\t\t\t\t\t\t\t<\/div>\n\t\t\t\t<\/div>\n\t\t\t\t\t<\/div>\n\t\t<\/div>\n\t\t\t\t\t\t\t<\/div>\n\t\t<\/section>\n\t\t\t\t<section class=\"elementor-section elementor-top-section elementor-element elementor-element-43f7a19 elementor-section-boxed elementor-section-height-default elementor-section-height-default\" data-id=\"43f7a19\" data-element_type=\"section\">\n\t\t\t\t\t\t<div class=\"elementor-container elementor-column-gap-default\">\n\t\t\t\t\t<div class=\"elementor-column elementor-col-100 elementor-top-column elementor-element elementor-element-5e4f88e\" data-id=\"5e4f88e\" data-element_type=\"column\">\n\t\t\t<div class=\"elementor-widget-wrap elementor-element-populated\">\n\t\t\t\t\t\t\t\t<div class=\"elementor-element elementor-element-aaba8ac elementor-widget elementor-widget-heading\" data-id=\"aaba8ac\" data-element_type=\"widget\" data-widget_type=\"heading.default\">\n\t\t\t\t<div class=\"elementor-widget-container\">\n\t\t\t<h2 class=\"elementor-heading-title elementor-size-default\">Ou\u00e7a agora na Apple Podcasts<\/h2>\t\t<\/div>\n\t\t\t\t<\/div>\n\t\t\t\t<div class=\"elementor-element elementor-element-9017520 elementor-widget elementor-widget-text-editor\" data-id=\"9017520\" data-element_type=\"widget\" data-widget_type=\"text-editor.default\">\n\t\t\t\t<div class=\"elementor-widget-container\">\n\t\t\t\t\t\t\t<p><iframe style=\"width: 100%; max-width: 660px; overflow: hidden; border-radius: 10px; background: transparent;\" src=\"https:\/\/embed.podcasts.apple.com\/us\/podcast\/interc%C3%A2mbio-sem-pauta\/id1553774372?itsct=podcast_box_player&amp;itscg=30200&amp;ls=1&amp;theme=dark\" height=\"450px\" frameborder=\"0\" sandbox=\"allow-forms allow-popups allow-same-origin allow-scripts allow-top-navigation-by-user-activation\"><\/iframe><\/p>\t\t\t\t\t\t<\/div>\n\t\t\t\t<\/div>\n\t\t\t\t\t<\/div>\n\t\t<\/div>\n\t\t\t\t\t\t\t<\/div>\n\t\t<\/section>\n\t\t\t\t<section class=\"elementor-section elementor-top-section elementor-element elementor-element-903ad91 elementor-section-boxed elementor-section-height-default elementor-section-height-default\" data-id=\"903ad91\" data-element_type=\"section\">\n\t\t\t\t\t\t<div class=\"elementor-container elementor-column-gap-default\">\n\t\t\t\t\t<div class=\"elementor-column elementor-col-100 elementor-top-column elementor-element elementor-element-01fb94f\" data-id=\"01fb94f\" data-element_type=\"column\">\n\t\t\t<div class=\"elementor-widget-wrap elementor-element-populated\">\n\t\t\t\t\t\t\t\t<div class=\"elementor-element elementor-element-5e0fffa elementor-widget elementor-widget-spacer\" data-id=\"5e0fffa\" data-element_type=\"widget\" data-widget_type=\"spacer.default\">\n\t\t\t\t<div class=\"elementor-widget-container\">\n\t\t\t\t\t<div class=\"elementor-spacer\">\n\t\t\t<div class=\"elementor-spacer-inner\"><\/div>\n\t\t<\/div>\n\t\t\t\t<\/div>\n\t\t\t\t<\/div>\n\t\t\t\t<div class=\"elementor-element elementor-element-27cc5fa elementor-widget elementor-widget-heading\" data-id=\"27cc5fa\" data-element_type=\"widget\" data-widget_type=\"heading.default\">\n\t\t\t\t<div class=\"elementor-widget-container\">\n\t\t\t<h2 class=\"elementor-heading-title elementor-size-default\">Ou\u00e7a agora no Spotify<\/h2>\t\t<\/div>\n\t\t\t\t<\/div>\n\t\t\t\t<div class=\"elementor-element elementor-element-439394a elementor-widget elementor-widget-text-editor\" data-id=\"439394a\" data-element_type=\"widget\" data-widget_type=\"text-editor.default\">\n\t\t\t\t<div class=\"elementor-widget-container\">\n\t\t\t\t\t\t\t<iframe loading=\"lazy\" src=\"https:\/\/open.spotify.com\/embed\/show\/6OHOYHPAxUDPyFlq2CUYZb\" width=\"100%\" height=\"232\" allowfullscreen=\"\" allow=\"autoplay; clipboard-write; encrypted-media; fullscreen; picture-in-picture\"><\/iframe>\t\t\t\t\t\t<\/div>\n\t\t\t\t<\/div>\n\t\t\t\t\t<\/div>\n\t\t<\/div>\n\t\t\t\t\t\t\t<\/div>\n\t\t<\/section>\n\t\t\t\t<section class=\"elementor-section elementor-top-section elementor-element elementor-element-fdf11a4 elementor-section-boxed elementor-section-height-default elementor-section-height-default\" data-id=\"fdf11a4\" data-element_type=\"section\">\n\t\t\t\t\t\t<div class=\"elementor-container elementor-column-gap-default\">\n\t\t\t\t\t<div class=\"elementor-column elementor-col-100 elementor-top-column elementor-element elementor-element-88c6ed3\" data-id=\"88c6ed3\" data-element_type=\"column\">\n\t\t\t<div class=\"elementor-widget-wrap elementor-element-populated\">\n\t\t\t\t\t\t\t\t<div class=\"elementor-element elementor-element-5461bd0 elementor-widget elementor-widget-spacer\" data-id=\"5461bd0\" data-element_type=\"widget\" data-widget_type=\"spacer.default\">\n\t\t\t\t<div class=\"elementor-widget-container\">\n\t\t\t\t\t<div class=\"elementor-spacer\">\n\t\t\t<div class=\"elementor-spacer-inner\"><\/div>\n\t\t<\/div>\n\t\t\t\t<\/div>\n\t\t\t\t<\/div>\n\t\t\t\t<div class=\"elementor-element elementor-element-2a8bd8b elementor-widget elementor-widget-heading\" data-id=\"2a8bd8b\" data-element_type=\"widget\" data-widget_type=\"heading.default\">\n\t\t\t\t<div class=\"elementor-widget-container\">\n\t\t\t<h2 class=\"elementor-heading-title elementor-size-default\">Videos<\/h2>\t\t<\/div>\n\t\t\t\t<\/div>\n\t\t\t\t\t<\/div>\n\t\t<\/div>\n\t\t\t\t\t\t\t<\/div>\n\t\t<\/section>\n\t\t\t\t<section class=\"elementor-section elementor-top-section elementor-element elementor-element-27a3655 elementor-section-boxed elementor-section-height-default elementor-section-height-default\" data-id=\"27a3655\" data-element_type=\"section\">\n\t\t\t\t\t\t<div class=\"elementor-container elementor-column-gap-default\">\n\t\t\t\t\t<div class=\"elementor-column elementor-col-100 elementor-top-column elementor-element elementor-element-8791b75\" data-id=\"8791b75\" data-element_type=\"column\">\n\t\t\t<div class=\"elementor-widget-wrap elementor-element-populated\">\n\t\t\t\t\t\t\t\t<div class=\"elementor-element elementor-element-14bbc47 elementor-skin-carousel elementor-arrows-yes elementor-pagination-type-bullets elementor-pagination-position-outside elementor-widget elementor-widget-media-carousel\" data-id=\"14bbc47\" data-element_type=\"widget\" data-settings=\"{&quot;skin&quot;:&quot;carousel&quot;,&quot;effect&quot;:&quot;slide&quot;,&quot;show_arrows&quot;:&quot;yes&quot;,&quot;pagination&quot;:&quot;bullets&quot;,&quot;speed&quot;:500,&quot;autoplay&quot;:&quot;yes&quot;,&quot;autoplay_speed&quot;:5000,&quot;loop&quot;:&quot;yes&quot;,&quot;pause_on_hover&quot;:&quot;yes&quot;,&quot;pause_on_interaction&quot;:&quot;yes&quot;,&quot;space_between&quot;:{&quot;unit&quot;:&quot;px&quot;,&quot;size&quot;:10,&quot;sizes&quot;:[]},&quot;space_between_tablet&quot;:{&quot;unit&quot;:&quot;px&quot;,&quot;size&quot;:10,&quot;sizes&quot;:[]},&quot;space_between_mobile&quot;:{&quot;unit&quot;:&quot;px&quot;,&quot;size&quot;:10,&quot;sizes&quot;:[]}}\" data-widget_type=\"media-carousel.default\">\n\t\t\t\t<div class=\"elementor-widget-container\">\n\t\t\t\t\t<div class=\"elementor-swiper\">\n\t\t\t<div class=\"elementor-main-swiper swiper-container\">\n\t\t\t\t<div class=\"swiper-wrapper\">\n\t\t\t\t\t\t\t\t\t\t\t<div class=\"swiper-slide\">\n\t\t\t\t\t\t\t<a href=\"https:\/\/mestredointercambio.com\/wp-content\/uploads\/2021\/09\/DTA_1_full.png\" data-elementor-open-lightbox=\"yes\" data-elementor-lightbox-slideshow=\"14bbc47\" data-elementor-lightbox-title=\"DTA_1_full\" data-elementor-lightbox-video=\"https:\/\/www.youtube.com\/embed\/RRRFMcXim64?feature=oembed&amp;autoplay=1&amp;rel=0&amp;controls=0\">\t\t<div class=\"elementor-carousel-image\" style=\"background-image: url(https:\/\/mestredointercambio.com\/wp-content\/uploads\/2021\/09\/DTA_1_full.png)\">\n\t\t\t\t\t\t\t<div class=\"elementor-custom-embed-play\">\n\t\t\t\t\t<i class=\"eicon-play\" aria-hidden=\"true\"><\/i>\n\t\t\t\t\t<span class=\"elementor-screen-only\">Play<\/span>\n\t\t\t\t<\/div>\n\t\t\t\t\t<\/div>\n\t\t<\/a>\t\t\t\t\t\t<\/div>\n\t\t\t\t\t\t\t\t\t\t\t<div class=\"swiper-slide\">\n\t\t\t\t\t\t\t<a href=\"https:\/\/mestredointercambio.com\/wp-content\/uploads\/2021\/09\/DTA_2_full.png\" data-elementor-open-lightbox=\"yes\" data-elementor-lightbox-slideshow=\"14bbc47\" data-elementor-lightbox-title=\"DTA_2_full\" data-elementor-lightbox-video=\"https:\/\/www.youtube.com\/embed\/Rvd4QCls1gs?feature=oembed&amp;autoplay=1&amp;rel=0&amp;controls=0\">\t\t<div class=\"elementor-carousel-image\" style=\"background-image: url(https:\/\/mestredointercambio.com\/wp-content\/uploads\/2021\/09\/DTA_2_full.png)\">\n\t\t\t\t\t\t\t<div class=\"elementor-custom-embed-play\">\n\t\t\t\t\t<i class=\"eicon-play\" aria-hidden=\"true\"><\/i>\n\t\t\t\t\t<span class=\"elementor-screen-only\">Play<\/span>\n\t\t\t\t<\/div>\n\t\t\t\t\t<\/div>\n\t\t<\/a>\t\t\t\t\t\t<\/div>\n\t\t\t\t\t\t\t\t\t\t\t<div class=\"swiper-slide\">\n\t\t\t\t\t\t\t<a href=\"https:\/\/mestredointercambio.com\/wp-content\/uploads\/2021\/09\/DTA_2-Clip1.png\" data-elementor-open-lightbox=\"yes\" data-elementor-lightbox-slideshow=\"14bbc47\" data-elementor-lightbox-title=\"DTA_2-Clip1\" data-elementor-lightbox-video=\"https:\/\/www.youtube.com\/embed\/wcw06RpHOjs?feature=oembed&amp;autoplay=1&amp;rel=0&amp;controls=0\">\t\t<div class=\"elementor-carousel-image\" style=\"background-image: url(https:\/\/mestredointercambio.com\/wp-content\/uploads\/2021\/09\/DTA_2-Clip1.png)\">\n\t\t\t\t\t\t\t<div class=\"elementor-custom-embed-play\">\n\t\t\t\t\t<i class=\"eicon-play\" aria-hidden=\"true\"><\/i>\n\t\t\t\t\t<span class=\"elementor-screen-only\">Play<\/span>\n\t\t\t\t<\/div>\n\t\t\t\t\t<\/div>\n\t\t<\/a>\t\t\t\t\t\t<\/div>\n\t\t\t\t\t\t\t\t\t<\/div>\n\t\t\t\t\t\t\t\t\t\t\t\t\t\t\t<div class=\"swiper-pagination\"><\/div>\n\t\t\t\t\t\t\t\t\t\t\t\t\t\t\t\t<div class=\"elementor-swiper-button elementor-swiper-button-prev\">\n\t\t\t\t\t\t\t<i class=\"eicon-chevron-left\" aria-hidden=\"true\"><\/i>\n\t\t\t\t\t\t\t<span class=\"elementor-screen-only\">Previous<\/span>\n\t\t\t\t\t\t<\/div>\n\t\t\t\t\t\t<div class=\"elementor-swiper-button elementor-swiper-button-next\">\n\t\t\t\t\t\t\t<i class=\"eicon-chevron-right\" aria-hidden=\"true\"><\/i>\n\t\t\t\t\t\t\t<span class=\"elementor-screen-only\">Next<\/span>\n\t\t\t\t\t\t<\/div>\n\t\t\t\t\t\t\t\t\t\t\t\t<\/div>\n\t\t<\/div>\n\t\t\t\t<\/div>\n\t\t\t\t<\/div>\n\t\t\t\t\t<\/div>\n\t\t<\/div>\n\t\t\t\t\t\t\t<\/div>\n\t\t<\/section>\n\t\t\t\t<section class=\"elementor-section elementor-top-section elementor-element elementor-element-89f9c32 elementor-section-boxed elementor-section-height-default elementor-section-height-default\" data-id=\"89f9c32\" data-element_type=\"section\">\n\t\t\t\t\t\t<div class=\"elementor-container elementor-column-gap-default\">\n\t\t\t\t\t<div class=\"elementor-column elementor-col-100 elementor-top-column elementor-element elementor-element-98c4309\" data-id=\"98c4309\" data-element_type=\"column\">\n\t\t\t<div class=\"elementor-widget-wrap elementor-element-populated\">\n\t\t\t\t\t\t\t\t<div class=\"elementor-element elementor-element-99a8b8a elementor-widget elementor-widget-spacer\" data-id=\"99a8b8a\" data-element_type=\"widget\" data-widget_type=\"spacer.default\">\n\t\t\t\t<div class=\"elementor-widget-container\">\n\t\t\t\t\t<div class=\"elementor-spacer\">\n\t\t\t<div class=\"elementor-spacer-inner\"><\/div>\n\t\t<\/div>\n\t\t\t\t<\/div>\n\t\t\t\t<\/div>\n\t\t\t\t<div class=\"elementor-element elementor-element-57e30a8 elementor-widget elementor-widget-text-editor\" data-id=\"57e30a8\" data-element_type=\"widget\" data-widget_type=\"text-editor.default\">\n\t\t\t\t<div class=\"elementor-widget-container\">\n\t\t\t\t\t\t\t<a target=\"_blank\" href=\"https:\/\/www.segurospromo.com.br\/?utm_medium=afiliado&#038;utm_source=banner&#038;pcrid=1646&#038;pcrtt=parceiros_banner88&#038;cupom=DANILOTEAJUDA5\" >\n                <img loading=\"lazy\" decoding=\"async\"\n                    border=\"0\"\n                    alt=\"Seguros Promo\"\n                    width=\"728\"\n                    height=\"90\"\n                    style=\"height: 90px; width: 728px\"\n                    src=\"https:\/\/static.parceirospromo.com.br\/segurospromo\/banners\/fd0381e7-fb86-1245-97c4-680bb0c112c1\/banner_aventura728x90.png\">\n                <\/a>\t\t\t\t\t\t<\/div>\n\t\t\t\t<\/div>\n\t\t\t\t\t<\/div>\n\t\t<\/div>\n\t\t\t\t\t\t\t<\/div>\n\t\t<\/section>\n\t\t\t\t\t\t<\/div>\n\t\t\t\t\t<\/div>\n\t\t","protected":false},"excerpt":{"rendered":"<p>Na s\u00e9rie de podcast Interc\u00e2mbio Sem Pauta,\u00a0 vamos falar de tudo um pouco, desde prepara\u00e7\u00e3o para um interc\u00e2mbio para os mais diversos destinos, custos de vida no exterior, e at\u00e9 viagens pelo mundo. Ou\u00e7a agora na Apple Podcasts Ou\u00e7a agora no Spotify Videos Play Play Play Previous Next<\/p>\n","protected":false},"author":2,"featured_media":0,"parent":0,"menu_order":0,"comment_status":"closed","ping_status":"closed","template":"","meta":{"_bbp_topic_count":0,"_bbp_reply_count":0,"_bbp_total_topic_count":0,"_bbp_total_reply_count":0,"_bbp_voice_count":0,"_bbp_anonymous_reply_count":0,"_bbp_topic_count_hidden":0,"_bbp_reply_count_hidden":0,"_bbp_forum_subforum_count":0,"om_disable_all_campaigns":false,"_monsterinsights_skip_tracking":false,"_monsterinsights_sitenote_active":false,"_monsterinsights_sitenote_note":"","_monsterinsights_sitenote_category":0,"footnotes":""},"class_list":["entry","author-daniloveloso","post-9099","page","type-page","status-publish"],"_links":{"self":[{"href":"https:\/\/mestredointercambio.com\/index.php\/wp-json\/wp\/v2\/pages\/9099","targetHints":{"allow":["GET"]}}],"collection":[{"href":"https:\/\/mestredointercambio.com\/index.php\/wp-json\/wp\/v2\/pages"}],"about":[{"href":"https:\/\/mestredointercambio.com\/index.php\/wp-json\/wp\/v2\/types\/page"}],"author":[{"embeddable":true,"href":"https:\/\/mestredointercambio.com\/index.php\/wp-json\/wp\/v2\/users\/2"}],"replies":[{"embeddable":true,"href":"https:\/\/mestredointercambio.com\/index.php\/wp-json\/wp\/v2\/comments?post=9099"}],"version-history":[{"count":10,"href":"https:\/\/mestredointercambio.com\/index.php\/wp-json\/wp\/v2\/pages\/9099\/revisions"}],"predecessor-version":[{"id":9117,"href":"https:\/\/mestredointercambio.com\/index.php\/wp-json\/wp\/v2\/pages\/9099\/revisions\/9117"}],"wp:attachment":[{"href":"https:\/\/mestredointercambio.com\/index.php\/wp-json\/wp\/v2\/media?parent=9099"}],"curies":[{"name":"wp","href":"https:\/\/api.w.org\/{rel}","templated":true}]}}